{"id":2093,"date":"2017-11-24T15:05:26","date_gmt":"2017-11-24T15:05:26","guid":{"rendered":"https:\/\/eaukey.com\/?page_id=2093"},"modified":"2024-09-06T17:16:54","modified_gmt":"2024-09-06T15:16:54","slug":"distillateur","status":"publish","type":"page","link":"https:\/\/eaukey.com\/","title":{"rendered":"Quelle eau boire ?"},"content":{"rendered":"<p>L&rsquo;eau du robinet est-elle bonne pour <strong><em><a href=\"https:\/\/eaukey.com\/index.php\/2023\/07\/20\/le-prix-de-notre-sante\/\" target=\"_blank\" rel=\"noopener\">notre sant\u00e9<\/a><\/em><\/strong> ?<\/p>\n<p>Qui d\u00e9cide qu&rsquo;une <strong><em><a href=\"https:\/\/youtu.be\/RbGg65WXh7M\" target=\"_blank\" rel=\"noopener noreferrer\">eau est potable<\/a> <\/em><\/strong>?<\/p>\n<p>Quels sont les crit\u00e8res choisis pour d\u00e9clarer qu&rsquo;une eau est <strong><em><a href=\"https:\/\/eaukey.com\/index.php\/2018\/08\/27\/boire-eau-du-robinet\/\" target=\"_blank\" rel=\"noopener noreferrer\">bonne \u00e0 boire<\/a> <\/em><\/strong>?<\/p>\n<p>Le <strong><em><a href=\"https:\/\/eaukey.com\/index.php\/2018\/04\/23\/chlore-poison-ne-dit-nom\/\" target=\"_blank\" rel=\"noopener noreferrer\">chlore<\/a><\/em><\/strong>, le fluor les sels d&rsquo;aluminium sont-ils inoffensifs pour notre sant\u00e9 ?<\/p>\n<p>Et les <em><strong><a href=\"https:\/\/eaukey.com\/index.php\/2019\/06\/23\/du-plastique-dans-l-eau\/\" target=\"_blank\" rel=\"noopener\">eaux en bouteilles<\/a><\/strong><\/em>, que faut-il pensait ?<\/p>\n<p>Les <strong><em><a href=\"https:\/\/www.quechoisir.org\/actualite-carafes-filtrantes-inutiles-voire-pire-n25672\/\" target=\"_blank\" rel=\"noopener noreferrer\">carafes filtrantes<\/a><\/em><\/strong> sont-elles efficaces ?<\/p>\n<p>Faut-il croire sans crainte les discours rassurants des tenants de la doctrine de la sant\u00e9 ?<\/p>\n<p>Dans tout cet embrouillamini d\u2019id\u00e9es souvent pr\u00e9con\u00e7ues, de matraquage publicitaire qui vante des eaux min\u00e9rales salutaires pour notre sant\u00e9, de propos dogmatiques et rassurants de journalistes <em>experts en tout<\/em>, je vous propose sur ce site quelques \u00a0articles sur le sujet de l\u2019eau de boisson. Sans \u00eatre exhaustifs, ils posent quelques bases sur ce sujet important : quelle eau boire aujourd&rsquo;hui dans un monde tr\u00e8s pollu\u00e9 ?<\/p>\n<p>Bonne lecture sur eaukey.com et sur le<a href=\"https:\/\/eaukey.com\/index.php\/blog-eau\/\" target=\"_blank\" rel=\"noopener noreferrer\"><strong> blog&rsquo;eau.\u00a0<\/strong><\/a><\/p>\n<h4>L&rsquo;eau une pr\u00e9occupation mondiale<\/h4>\n<p>Obtenir une eau de boisson potable est devenu un probl\u00e8me partout sur la plan\u00e8te. En ville ou m\u00eame dans des endroits les plus recul\u00e9s, la pollution a touch\u00e9 toutes les rivi\u00e8res ainsi que les nappes d&rsquo;eau souterraines. Nous sommes aussi conscients que l&rsquo;eau du robinet est contamin\u00e9e et nous essayons de trouver des solutions pour palier \u00e0 ce probl\u00e8me. Mais bien souvent ces solutions sont peu satisfaisantes. Car que ce soit la carafe filtrante ou d&rsquo;autres syst\u00e8mes de filtrations, ces syst\u00e8mes ne sont en fait pas tr\u00e8s efficaces pour purifier l&rsquo;eau. Reste la solution la plus courante qui est l&rsquo;achat de bouteilles d&rsquo;eau. Elle est ch\u00e8re, peu pratique pour son transport et la composition de cette eau est parfois d&rsquo;<a href=\"https:\/\/eaukey.com\/index.php\/2018\/04\/30\/plastique-leau-bouteille\" target=\"_blank\" rel=\"noopener noreferrer\">une qualit\u00e9 douteuse<\/a>. De plus nous le savons tous, les bouteilles en plastique engendrent une pollution importante de plastique souvent mal recycl\u00e9.<\/p>\n<h4>Moins de 2% pour notre consommation !<\/h4>\n<p>Pourtant, l&rsquo;eau de boisson ne repr\u00e9sente environ que<strong> 2%<\/strong> de l&rsquo;eau que nous consommons ! C&rsquo;est tr\u00e8s peu et c&rsquo;est justement sur cette faible quantit\u00e9 d&rsquo;eau que nous devons \u00eatre le plus exigeant. C&rsquo;est ici qu&rsquo;intervient le distillateur d&rsquo;eau. Il d\u00e9contaminera compl\u00e8tement cette eau du robinet -que l&rsquo;on appelle aussi souvent abusivement \u00ab\u00a0eau potable\u00a0\u00bb- et il vous fournira l&rsquo;eau dont vous aurez besoin directement sans avoir \u00e0 vous d\u00e9placer.<\/p>\n<hr \/>\n<h4><strong>Pourquoi boire une eau la plus pure possible ?<\/strong><\/h4>\n<p>Nos reins agissent comme des filtres pi\u00e9geant les min\u00e9raux <strong>inorganiques<\/strong> et les <strong>contaminants<\/strong> pr\u00e9sents dans l&rsquo;eau.<\/p>\n<p>Quand nous buvons une eau impure, des substances nocives s&rsquo;accumulent ensuite dans notre corps pouvant causer de graves probl\u00e8mes de sant\u00e9.<\/p>\n<p>Comme il est impossible de savoir exactement ce <strong><em><a href=\"https:\/\/eaukey.com\/index.php\/2018\/08\/27\/boire-eau-du-robinet\/\" target=\"_blank\" rel=\"noopener noreferrer\">que contient l&rsquo;eau du robinet<\/a><\/em><\/strong> ou l\u2019eau en bouteille, il est important de prendre nos pr\u00e9cautions en produisant notre eau pure., soit avec un <strong><em><a href=\"https:\/\/waterlovers.net\/\" target=\"_blank\" rel=\"noopener\">distillateur d&rsquo;eau\u00a0<\/a><\/em><\/strong><em>ou avec une<\/em><strong><em><a href=\"https:\/\/fontaine-osmose-inverse.com\" target=\"_blank\" rel=\"noopener\"> fontaine \u00e0 osmose inverse<\/a>.<\/em><\/strong><\/p>\n<figure id=\"attachment_9591\" aria-describedby=\"caption-attachment-9591\" style=\"width: 300px\" class=\"wp-caption alignnone\"><a href=\"https:\/\/fontaine-osmose-inverse.com\"><img fetchpriority=\"high\" decoding=\"async\" class=\"wp-image-9591 size-medium\" src=\"https:\/\/eaukey.com\/wp-content\/uploads\/2024\/04\/e5ec7155e706c390f2f6292278b0e02e-1-300x300.jpg\" alt=\"Fontaine Horo \u00e0 osmose inverse avec g\u00e9n\u00e9rateur d\u2019eau hydrog\u00e9n\u00e9e\" width=\"300\" height=\"300\" srcset=\"https:\/\/eaukey.com\/wp-content\/uploads\/2024\/04\/e5ec7155e706c390f2f6292278b0e02e-1-300x300.jpg 300w, https:\/\/eaukey.com\/wp-content\/uploads\/2024\/04\/e5ec7155e706c390f2f6292278b0e02e-1-450x450.jpg 450w, https:\/\/eaukey.com\/wp-content\/uploads\/2024\/04\/e5ec7155e706c390f2f6292278b0e02e-1-100x100.jpg 100w, https:\/\/eaukey.com\/wp-content\/uploads\/2024\/04\/e5ec7155e706c390f2f6292278b0e02e-1-600x600.jpg 600w, https:\/\/eaukey.com\/wp-content\/uploads\/2024\/04\/e5ec7155e706c390f2f6292278b0e02e-1-150x150.jpg 150w, https:\/\/eaukey.com\/wp-content\/uploads\/2024\/04\/e5ec7155e706c390f2f6292278b0e02e-1-768x768.jpg 768w, https:\/\/eaukey.com\/wp-content\/uploads\/2024\/04\/e5ec7155e706c390f2f6292278b0e02e-1.jpg 800w\" sizes=\"(max-width: 300px) 100vw, 300px\" \/><\/a><figcaption id=\"caption-attachment-9591\" class=\"wp-caption-text\">Fontaine Horo \u00e0 osmose inverse avec g\u00e9n\u00e9rateur d\u2019eau hydrog\u00e9n\u00e9e<\/figcaption><\/figure>\n<p><strong><em>\u00a0<\/em><\/strong><\/p>\n<p>Si vous souhaitez en savoir plus sur\u00a0 les bienfaits de l&rsquo;eau distill\u00e9e et aussi savoir ce qu&rsquo;en pensent les experts dans ce domaine, reportez-vous aussi \u00e0 <a href=\"https:\/\/eaukey.com\/index.php\/2018\/01\/16\/avis_dexperts\/\" target=\"_blank\" rel=\"noopener noreferrer\"><strong><em>cet article.<\/em><\/strong><\/a><\/p>\n<p>Si vous souhaitez en savoir plus sur\u00a0 les bienfaits de l&rsquo;eau hydrog\u00e9n\u00e9e voir la <a href=\"https:\/\/www.youtube.com\/watch?v=0Tp_UpqHsUA&amp;t=6s\" target=\"_blank\" rel=\"noopener\">vid\u00e9o ici<\/a><\/p>\n<hr \/>\n<h5 style=\"text-align: center;\">\u00catre exigeant sur la qualit\u00e9 de son eau de boisson<\/h5>\n<h5 style=\"text-align: center;\">est tout aussi important que de s\u2019alimenter correctement.<\/h5>\n<h5><\/h5>\n<h4><strong>Stop aux packs d&rsquo;eau !<\/strong><\/h4>\n<p>Distillez votre eau de boisson ou filtrez la avec une fontaine \u00e0 osmose inverse vous lib\u00e9rera de l\u2019achat des packs d&rsquo;eau. Et donc ne plus \u00ab\u00a0participer\u00a0\u00bb \u00e0 cette pollution<strong><em> <a href=\"https:\/\/eaukey.com\/index.php\/2019\/06\/23\/du-plastique-dans-l-eau\/\" target=\"_blank\" rel=\"noopener noreferrer\">des bouteilles en \u00a0plastique<\/a><\/em><\/strong> !\u00a0 Et aussi termin\u00e9e la corv\u00e9e de transporter ces kilos de bouteilles ! Pratique, l&rsquo;un de ces 2 appareils deviendra vite votre ami utile dans votre quotidien !<\/p>\n<h5 style=\"text-align: center;\"><strong>Soyez le producteur de votre eau de boisson<\/strong><\/h5>\n<hr \/>\n<h4><strong>Pourquoi ne plus boire d&rsquo;eau du robinet ?<\/strong><\/h4>\n<p><iframe title=\"du poison dans l eau presentation\" width=\"750\" height=\"422\" src=\"https:\/\/www.youtube.com\/embed\/4ZS-ChIrGV4?feature=oembed\" frameborder=\"0\" allow=\"accelerometer; autoplay; clipboard-write; encrypted-media; gyroscope; picture-in-picture; web-share\" referrerpolicy=\"strict-origin-when-cross-origin\" allowfullscreen><\/iframe><\/p>\n<p>Extrait du reportage de Sophie Le Gall \u00ab\u00a0Du poison dans l&rsquo;eau du robinet\u00a0\u00bb<\/p>\n<pre>Pour visionner tout le reportage dur\u00e9e 1h30 =&gt; <a href=\"https:\/\/www.youtube.com\/watch?v=RbGg65WXh7M\" target=\"_blank\" rel=\"noopener noreferrer\">ici<\/a><\/pre>\n<hr \/>\n<h4 style=\"text-align: center;\"><\/h4>\n<figure id=\"attachment_2360\" aria-describedby=\"caption-attachment-2360\" style=\"width: 201px\" class=\"wp-caption aligncenter\"><img decoding=\"async\" class=\"size-medium wp-image-2360 aligncenter\" src=\"https:\/\/eaukey.com\/wp-content\/uploads\/2018\/01\/eaux_polluees-201x300.jpg\" alt=\"eau pollu\u00e9e : Danger !\" width=\"201\" height=\"300\" srcset=\"https:\/\/eaukey.com\/wp-content\/uploads\/2018\/01\/eaux_polluees-201x300.jpg 201w, https:\/\/eaukey.com\/wp-content\/uploads\/2018\/01\/eaux_polluees.jpg 350w\" sizes=\"(max-width: 201px) 100vw, 201px\" \/><figcaption id=\"caption-attachment-2360\" class=\"wp-caption-text\">eau pollu\u00e9e : Danger !<\/figcaption><\/figure>\n<p>&nbsp;<\/p>\n","protected":false},"excerpt":{"rendered":"<p>L&rsquo;eau du robinet est-elle bonne pour notre sant\u00e9 ? Qui d\u00e9cide qu&rsquo;une eau est potable ? Quels sont les crit\u00e8res choisis pour d\u00e9clarer qu&rsquo;une eau est bonne \u00e0 boire ? Le chlore, le fluor les sels d&rsquo;aluminium sont-ils inoffensifs pour notre sant\u00e9 ? Et les eaux en bouteilles, que faut-il pensait ? Les carafes filtrantes&hellip; <a class=\"more-link\" href=\"https:\/\/eaukey.com\/\">Poursuivre la lecture <span class=\"screen-reader-text\">Quelle eau boire ?<\/span><\/a><\/p>\n","protected":false},"author":1,"featured_media":2360,"parent":0,"menu_order":0,"comment_status":"closed","ping_status":"closed","template":"","meta":{"_uag_custom_page_level_css":"","_exactmetrics_skip_tracking":false,"_exactmetrics_sitenote_active":false,"_exactmetrics_sitenote_note":"","_exactmetrics_sitenote_category":0,"footnotes":""},"class_list":["post-2093","page","type-page","status-publish","has-post-thumbnail","hentry","entry"],"yoast_head":"<!-- This site is optimized with the Yoast SEO plugin v23.5 - https:\/\/yoast.com\/wordpress\/plugins\/seo\/ -->\n<title>Quelle eau boire ? - Eaukey Une eau pure d\u00e9licieusement bonne ! l&#039;eau source de vieEaukey quelle eau boire<\/title>\n<meta name=\"description\" content=\"Quelle eau boire ? Peut on boire de l&#039;eau distill\u00e9e ? Comment choisir mon appareil de filtration d&#039;eau ?\" \/>\n<meta name=\"robots\" content=\"index, follow, max-snippet:-1, max-image-preview:large, max-video-preview:-1\" \/>\n<link rel=\"canonical\" href=\"https:\/\/eaukey.com\/\" \/>\n<meta property=\"og:locale\" content=\"fr_FR\" \/>\n<meta property=\"og:type\" content=\"article\" \/>\n<meta property=\"og:title\" content=\"Quelle eau boire ? - Eaukey Une eau pure d\u00e9licieusement bonne ! l&#039;eau source de vieEaukey quelle eau boire\" \/>\n<meta property=\"og:description\" content=\"Quelle eau boire ? Peut on boire de l&#039;eau distill\u00e9e ? Comment choisir mon appareil de filtration d&#039;eau ?\" \/>\n<meta property=\"og:url\" content=\"https:\/\/eaukey.com\/\" \/>\n<meta property=\"og:site_name\" content=\"Eaukey\" \/>\n<meta property=\"article:modified_time\" content=\"2024-09-06T15:16:54+00:00\" \/>\n<meta property=\"og:image\" content=\"https:\/\/eaukey.com\/wp-content\/uploads\/2018\/01\/eaux_polluees.jpg\" \/>\n\t<meta property=\"og:image:width\" content=\"350\" \/>\n\t<meta property=\"og:image:height\" content=\"523\" \/>\n\t<meta property=\"og:image:type\" content=\"image\/jpeg\" \/>\n<meta name=\"twitter:card\" content=\"summary_large_image\" \/>\n<meta name=\"twitter:label1\" content=\"Dur\u00e9e de lecture estim\u00e9e\" \/>\n\t<meta name=\"twitter:data1\" content=\"4 minutes\" \/>\n<script type=\"application\/ld+json\" class=\"yoast-schema-graph\">{\"@context\":\"https:\/\/schema.org\",\"@graph\":[{\"@type\":\"WebPage\",\"@id\":\"https:\/\/eaukey.com\/\",\"url\":\"https:\/\/eaukey.com\/\",\"name\":\"Quelle eau boire ? - Eaukey Une eau pure d\u00e9licieusement bonne ! l'eau source de vieEaukey quelle eau boire\",\"isPartOf\":{\"@id\":\"https:\/\/eaukey.com\/#website\"},\"primaryImageOfPage\":{\"@id\":\"https:\/\/eaukey.com\/#primaryimage\"},\"image\":{\"@id\":\"https:\/\/eaukey.com\/#primaryimage\"},\"thumbnailUrl\":\"https:\/\/eaukey.com\/wp-content\/uploads\/2018\/01\/eaux_polluees.jpg\",\"datePublished\":\"2017-11-24T15:05:26+00:00\",\"dateModified\":\"2024-09-06T15:16:54+00:00\",\"description\":\"Quelle eau boire ? Peut on boire de l'eau distill\u00e9e ? Comment choisir mon appareil de filtration d'eau ?\",\"breadcrumb\":{\"@id\":\"https:\/\/eaukey.com\/#breadcrumb\"},\"inLanguage\":\"fr-FR\",\"potentialAction\":[{\"@type\":\"ReadAction\",\"target\":[\"https:\/\/eaukey.com\/\"]}]},{\"@type\":\"ImageObject\",\"inLanguage\":\"fr-FR\",\"@id\":\"https:\/\/eaukey.com\/#primaryimage\",\"url\":\"https:\/\/eaukey.com\/wp-content\/uploads\/2018\/01\/eaux_polluees.jpg\",\"contentUrl\":\"https:\/\/eaukey.com\/wp-content\/uploads\/2018\/01\/eaux_polluees.jpg\",\"width\":350,\"height\":523,\"caption\":\"eau pollu\u00e9e : Danger !\"},{\"@type\":\"BreadcrumbList\",\"@id\":\"https:\/\/eaukey.com\/#breadcrumb\",\"itemListElement\":[{\"@type\":\"ListItem\",\"position\":1,\"name\":\"Accueil\",\"item\":\"https:\/\/eaukey.com\/\"},{\"@type\":\"ListItem\",\"position\":2,\"name\":\"Quelle eau boire ?\"}]},{\"@type\":\"WebSite\",\"@id\":\"https:\/\/eaukey.com\/#website\",\"url\":\"https:\/\/eaukey.com\/\",\"name\":\"Eaukey\",\"description\":\"Une eau pure d\u00e9licieusement bonne !\",\"publisher\":{\"@id\":\"https:\/\/eaukey.com\/#organization\"},\"potentialAction\":[{\"@type\":\"SearchAction\",\"target\":{\"@type\":\"EntryPoint\",\"urlTemplate\":\"https:\/\/eaukey.com\/?s={search_term_string}\"},\"query-input\":{\"@type\":\"PropertyValueSpecification\",\"valueRequired\":true,\"valueName\":\"search_term_string\"}}],\"inLanguage\":\"fr-FR\"},{\"@type\":\"Organization\",\"@id\":\"https:\/\/eaukey.com\/#organization\",\"name\":\"eaukey.com\",\"url\":\"https:\/\/eaukey.com\/\",\"logo\":{\"@type\":\"ImageObject\",\"inLanguage\":\"fr-FR\",\"@id\":\"https:\/\/eaukey.com\/#\/schema\/logo\/image\/\",\"url\":\"https:\/\/eaukey.com\/wp-content\/uploads\/2019\/06\/logo_eaukey.png\",\"contentUrl\":\"https:\/\/eaukey.com\/wp-content\/uploads\/2019\/06\/logo_eaukey.png\",\"width\":1100,\"height\":1170,\"caption\":\"eaukey.com\"},\"image\":{\"@id\":\"https:\/\/eaukey.com\/#\/schema\/logo\/image\/\"},\"sameAs\":[\"https:\/\/www.youtube.com\/channel\/UCM_plZ4IaJyJgBYIu05LJwg\"]}]}<\/script>\n<!-- \/ Yoast SEO plugin. -->","yoast_head_json":{"title":"Quelle eau boire ? - Eaukey Une eau pure d\u00e9licieusement bonne ! l'eau source de vieEaukey quelle eau boire","description":"Quelle eau boire ? Peut on boire de l'eau distill\u00e9e ? Comment choisir mon appareil de filtration d'eau ?","robots":{"index":"index","follow":"follow","max-snippet":"max-snippet:-1","max-image-preview":"max-image-preview:large","max-video-preview":"max-video-preview:-1"},"canonical":"https:\/\/eaukey.com\/","og_locale":"fr_FR","og_type":"article","og_title":"Quelle eau boire ? - Eaukey Une eau pure d\u00e9licieusement bonne ! l'eau source de vieEaukey quelle eau boire","og_description":"Quelle eau boire ? Peut on boire de l'eau distill\u00e9e ? Comment choisir mon appareil de filtration d'eau ?","og_url":"https:\/\/eaukey.com\/","og_site_name":"Eaukey","article_modified_time":"2024-09-06T15:16:54+00:00","og_image":[{"width":350,"height":523,"url":"https:\/\/eaukey.com\/wp-content\/uploads\/2018\/01\/eaux_polluees.jpg","type":"image\/jpeg"}],"twitter_card":"summary_large_image","twitter_misc":{"Dur\u00e9e de lecture estim\u00e9e":"4 minutes"},"schema":{"@context":"https:\/\/schema.org","@graph":[{"@type":"WebPage","@id":"https:\/\/eaukey.com\/","url":"https:\/\/eaukey.com\/","name":"Quelle eau boire ? - Eaukey Une eau pure d\u00e9licieusement bonne ! l'eau source de vieEaukey quelle eau boire","isPartOf":{"@id":"https:\/\/eaukey.com\/#website"},"primaryImageOfPage":{"@id":"https:\/\/eaukey.com\/#primaryimage"},"image":{"@id":"https:\/\/eaukey.com\/#primaryimage"},"thumbnailUrl":"https:\/\/eaukey.com\/wp-content\/uploads\/2018\/01\/eaux_polluees.jpg","datePublished":"2017-11-24T15:05:26+00:00","dateModified":"2024-09-06T15:16:54+00:00","description":"Quelle eau boire ? Peut on boire de l'eau distill\u00e9e ? Comment choisir mon appareil de filtration d'eau ?","breadcrumb":{"@id":"https:\/\/eaukey.com\/#breadcrumb"},"inLanguage":"fr-FR","potentialAction":[{"@type":"ReadAction","target":["https:\/\/eaukey.com\/"]}]},{"@type":"ImageObject","inLanguage":"fr-FR","@id":"https:\/\/eaukey.com\/#primaryimage","url":"https:\/\/eaukey.com\/wp-content\/uploads\/2018\/01\/eaux_polluees.jpg","contentUrl":"https:\/\/eaukey.com\/wp-content\/uploads\/2018\/01\/eaux_polluees.jpg","width":350,"height":523,"caption":"eau pollu\u00e9e : Danger !"},{"@type":"BreadcrumbList","@id":"https:\/\/eaukey.com\/#breadcrumb","itemListElement":[{"@type":"ListItem","position":1,"name":"Accueil","item":"https:\/\/eaukey.com\/"},{"@type":"ListItem","position":2,"name":"Quelle eau boire ?"}]},{"@type":"WebSite","@id":"https:\/\/eaukey.com\/#website","url":"https:\/\/eaukey.com\/","name":"Eaukey","description":"Une eau pure d\u00e9licieusement bonne !","publisher":{"@id":"https:\/\/eaukey.com\/#organization"},"potentialAction":[{"@type":"SearchAction","target":{"@type":"EntryPoint","urlTemplate":"https:\/\/eaukey.com\/?s={search_term_string}"},"query-input":{"@type":"PropertyValueSpecification","valueRequired":true,"valueName":"search_term_string"}}],"inLanguage":"fr-FR"},{"@type":"Organization","@id":"https:\/\/eaukey.com\/#organization","name":"eaukey.com","url":"https:\/\/eaukey.com\/","logo":{"@type":"ImageObject","inLanguage":"fr-FR","@id":"https:\/\/eaukey.com\/#\/schema\/logo\/image\/","url":"https:\/\/eaukey.com\/wp-content\/uploads\/2019\/06\/logo_eaukey.png","contentUrl":"https:\/\/eaukey.com\/wp-content\/uploads\/2019\/06\/logo_eaukey.png","width":1100,"height":1170,"caption":"eaukey.com"},"image":{"@id":"https:\/\/eaukey.com\/#\/schema\/logo\/image\/"},"sameAs":["https:\/\/www.youtube.com\/channel\/UCM_plZ4IaJyJgBYIu05LJwg"]}]}},"uagb_featured_image_src":{"full":["https:\/\/eaukey.com\/wp-content\/uploads\/2018\/01\/eaux_polluees.jpg",350,523,false],"thumbnail":["https:\/\/eaukey.com\/wp-content\/uploads\/2018\/01\/eaux_polluees-150x150.jpg",150,150,true],"medium":["https:\/\/eaukey.com\/wp-content\/uploads\/2018\/01\/eaux_polluees-201x300.jpg",201,300,true],"medium_large":["https:\/\/eaukey.com\/wp-content\/uploads\/2018\/01\/eaux_polluees.jpg",350,523,false],"large":["https:\/\/eaukey.com\/wp-content\/uploads\/2018\/01\/eaux_polluees.jpg",350,523,false],"1536x1536":["https:\/\/eaukey.com\/wp-content\/uploads\/2018\/01\/eaux_polluees.jpg",350,523,false],"2048x2048":["https:\/\/eaukey.com\/wp-content\/uploads\/2018\/01\/eaux_polluees.jpg",350,523,false],"portfolio-full":["https:\/\/eaukey.com\/wp-content\/uploads\/2018\/01\/eaux_polluees-350x400.jpg",350,400,true],"portfolio-one":["https:\/\/eaukey.com\/wp-content\/uploads\/2018\/01\/eaux_polluees-350x272.jpg",350,272,true],"portfolio-two":["https:\/\/eaukey.com\/wp-content\/uploads\/2018\/01\/eaux_polluees-350x295.jpg",350,295,true],"portfolio-three":["https:\/\/eaukey.com\/wp-content\/uploads\/2018\/01\/eaux_polluees-300x214.jpg",300,214,true],"portfolio-five":["https:\/\/eaukey.com\/wp-content\/uploads\/2018\/01\/eaux_polluees-177x142.jpg",177,142,true],"post-thumbnail":["https:\/\/eaukey.com\/wp-content\/uploads\/2018\/01\/eaux_polluees.jpg",350,523,false],"woocommerce_thumbnail":["https:\/\/eaukey.com\/wp-content\/uploads\/2018\/01\/eaux_polluees.jpg",350,523,false],"woocommerce_single":["https:\/\/eaukey.com\/wp-content\/uploads\/2018\/01\/eaux_polluees.jpg",350,523,false],"woocommerce_gallery_thumbnail":["https:\/\/eaukey.com\/wp-content\/uploads\/2018\/01\/eaux_polluees-100x100.jpg",100,100,true]},"uagb_author_info":{"display_name":"eaukey.com","author_link":"https:\/\/eaukey.com\/index.php\/author\/didier\/"},"uagb_comment_info":0,"uagb_excerpt":"L&rsquo;eau du robinet est-elle bonne pour notre sant\u00e9 ? Qui d\u00e9cide qu&rsquo;une eau est potable ? Quels sont les crit\u00e8res choisis pour d\u00e9clarer qu&rsquo;une eau est bonne \u00e0 boire ? Le chlore, le fluor les sels d&rsquo;aluminium sont-ils inoffensifs pour notre sant\u00e9 ? Et les eaux en bouteilles, que faut-il pensait ? Les carafes filtrantes&hellip;\u2026","_links":{"self":[{"href":"https:\/\/eaukey.com\/index.php\/wp-json\/wp\/v2\/pages\/2093"}],"collection":[{"href":"https:\/\/eaukey.com\/index.php\/wp-json\/wp\/v2\/pages"}],"about":[{"href":"https:\/\/eaukey.com\/index.php\/wp-json\/wp\/v2\/types\/page"}],"author":[{"embeddable":true,"href":"https:\/\/eaukey.com\/index.php\/wp-json\/wp\/v2\/users\/1"}],"replies":[{"embeddable":true,"href":"https:\/\/eaukey.com\/index.php\/wp-json\/wp\/v2\/comments?post=2093"}],"version-history":[{"count":20,"href":"https:\/\/eaukey.com\/index.php\/wp-json\/wp\/v2\/pages\/2093\/revisions"}],"predecessor-version":[{"id":9639,"href":"https:\/\/eaukey.com\/index.php\/wp-json\/wp\/v2\/pages\/2093\/revisions\/9639"}],"wp:featuredmedia":[{"embeddable":true,"href":"https:\/\/eaukey.com\/index.php\/wp-json\/wp\/v2\/media\/2360"}],"wp:attachment":[{"href":"https:\/\/eaukey.com\/index.php\/wp-json\/wp\/v2\/media?parent=2093"}],"curies":[{"name":"wp","href":"https:\/\/api.w.org\/{rel}","templated":true}]}}