{"id":4079,"date":"2019-06-20T22:17:18","date_gmt":"2019-06-20T20:17:18","guid":{"rendered":"https:\/\/eaukey.com\/?page_id=4079"},"modified":"2023-08-15T16:41:12","modified_gmt":"2023-08-15T14:41:12","slug":"miniwell","status":"publish","type":"page","link":"https:\/\/eaukey.com\/index.php\/miniwell\/","title":{"rendered":"Miniwell L610"},"content":{"rendered":"<h3>Se procurer une eau potable facilement<\/h3>\n<p>En randonn\u00e9e, lors d\u2019un trek ou lors d\u2019un voyage, la question de l\u2019eau se pose toujours. Vais-je trouver une eau potable ?<\/p>\n<p>Une solution souvent utilis\u00e9e est la purification microbienne avec les comprim\u00e9s de d\u00e9sinfection.<\/p>\n<p>Certes, c\u2019est efficace pour tuer les bact\u00e9ries mais l\u2019eau est fortement chlor\u00e9e : ce n\u2019est ni bon au gout ni pour la flore intestinale. D\u2019autre part, l\u2019eau n\u2019est pas filtr\u00e9e et peut donc contenir des particules en suspensions et des polluants.<\/p>\n<p>Il existe quelques syst\u00e8mes portables de filtration d\u2019eau\u00a0 mais leurs proc\u00e9d\u00e9s de purification ne sont pas assez efficaces.<\/p>\n<p>En effet, pour qu\u2019une filtration soit correcte, il est<strong> imp\u00e9ratif<\/strong> (<a href=\"https:\/\/eaukey.com\/index.php\/2018\/10\/11\/differences-sur-les-procedes-de-filtration-deau-en-exterieur\/\" target=\"_blank\" rel=\"noreferrer noopener\" aria-label=\" (s\u2019ouvre dans un nouvel onglet)\">explication ici<\/a>) que cette filtration se fasse au centi\u00e8me de micron ( 0.01\u00b5m = 10 nanom\u00e8tres). Ce niveau de filtration \u00e9limine avec certitude toutes les bact\u00e9ries et les virus.<\/p>\n<p>C\u2019est \u00e0 ce niveau de filtration qu\u2019op\u00e8re le syst\u00e8me de filtration <strong>Miniwell L610<\/strong>. Pratique et peu encombrant, vous pouvez l\u2019emporter partout lors de vos sorties ou de vos voyages.<\/p>\n<p>Seul imp\u00e9ratif, \u00eatre \u00e0 proximit\u00e9 d\u2019une rivi\u00e8re ou d\u2019un point d\u2019eau pour pouvoir remplir les gourdes !<\/p>\n<h3>Comment fonctionne le Miniwell L610 ?<\/h3>\n<p>Le fonctionnement du Miniwell L610 pourrait \u00eatre compar\u00e9 \u00e0 un mini osmoseur de poche. L\u2019eau est d\u2019abord aspir\u00e9e par la pompe et ensuite par pression l\u2019eau passe dans diff\u00e9rents filtres. C\u2019est un syst\u00e8me de filtration dit \u00e0 3 \u00e9tages. L\u2019eau passe d\u2019abord dans un pr\u00e9-filtre, puis dans un filtre au charbon actif et fin de circuit \u00e0 travers une membrane dite d\u2019Ultra Filtration.<\/p>\n<p>1- Le pr\u00e9-filtre. La filtration se fait ici \u00e0 0.1\u00b5m. C\u2019est la premi\u00e8re ligne de d\u00e9fense. Pour les particules solides, les bact\u00e9ries, les kystes et les parasites, il leur est impossible de passer cette premi\u00e8re barri\u00e8re.<\/p>\n<p>2- Le filtre au charbon actif. Il permet de r\u00e9duire un \u00e9ventuel go\u00fbt d\u00e9sagr\u00e9able dans l\u2019eau.Toutes les micro-poussi\u00e8res sont retenues pour que l\u2019eau soit compl\u00e8tement limpide.<\/p>\n<p>3- La membrane d\u2019ultra- filtration. Ici la taille des pores est de 0.01 \u00b5m. Ce niveau de filtration est 10\u00a0 \u00e0 20 fois plus important que la plupart des filtres sur le march\u00e9.Cette filtration bloque <strong>toutes les bact\u00e9ries et tous les virus<\/strong> trop grands pour passer \u00e0 travers les micro-pores de la membrane.<\/p>\n<p>C\u2019est apr\u00e8s cette derni\u00e8re \u00e9tape que votre eau est d\u00e9finitivement potable. Vous pouvez maintenant vous d\u00e9salt\u00e9rer en toute <strong>qui\u00e9tude<\/strong>.<\/p>\n<h3>Con\u00e7u pour durer<\/h3>\n<p>Le Miniwell L610 a \u00e9t\u00e9 con\u00e7u pour durer dans le temps. Solide, vous pouvez l\u2019emporter partout sans risque de le casser.<\/p>\n<p>Seule restriction, comme tous les filtres, il ne faudra pas l\u2019utiliser pour filtrer une eau sal\u00e9e ou filtrer des liquides tr\u00e8s sucr\u00e9s.<\/p>\n<p>Le pouvoir filtrant du Miniwell L610 est de 1000 litres minimum. Cela \u00e9quivaut environ \u00e0 une autonomie d\u2019une ann\u00e9e pour la consommation d\u2019eau de 2 personnes.<\/p>\n<h3>Miniwell L610 : une capacit\u00e9 de filtration tr\u00e8s \u00e9lev\u00e9e.<\/h3>\n<p>Le Miniwell L610 filtre toutes les eaux de fa\u00e7on tr\u00e8s fiable. Toutes les imput\u00e9es et les m\u00e9taux lourds pr\u00e9sents dans l\u2019eau seront bloqu\u00e9s d\u00e8s le premier filtre. Le deuxi\u00e8me filtre au charbon actif\u00a0 \u00e9limine les polluants organiques. Il neutralise \u00e9galement les odeurs \u00e9ventuelles et am\u00e9liore le gout de l\u2019eau. La membrane Ultra-Filtration \u00e0 fibres creuses de 0.01 micron (10 nanom\u00e8tres)\u00a0 <strong>\u00e9limine <a href=\"https:\/\/eaukey.com\/wp-content\/uploads\/2018\/10\/Taux-%C3%A9limination-des-virus-du-L610_2.jpg\" target=\"_blank\" rel=\"noreferrer noopener\">99.999%<\/a> des bact\u00e9ries et des virus<\/strong>.<\/p>\n<h3>Une bonne autonomie<\/h3>\n<p>La conception de ce syst\u00e8me de filtration offre une capacit\u00e9 de filtration d\u2019eau de 1000 litres.Le d\u00e9bit est de 0.6 litre \u00e0 la minute ce qui signifie qu\u2019une bonne quantit\u00e9 d\u2019eau potable\u00a0 peut \u00eatre fournit en peu de temps.<\/p>\n<h3>Utilisation polyvalente<\/h3>\n<p>Le Miniwell L610 est utile pour toute une s\u00e9rie d\u2019activit\u00e9s en ext\u00e9rieur que ce soit en randonn\u00e9e , en v\u00e9lo, au camping; mais il peut \u00eatre aussi tr\u00e8s utile chez soi pour filtrer l\u2019<a href=\"https:\/\/eaukey.com\/index.php\/2018\/08\/27\/boire-eau-du-robinet\/\" target=\"_blank\" rel=\"noreferrer noopener\">eau du robinet<\/a> ou en cas d\u2019urgence lorsque l\u2019eau n\u2019est plus potable suite \u00e0 des raisons diverses (inondations etc\u2026). Les filtres peuvent \u00eatre stock\u00e9s dans leur emballage 5 ans sans qu\u2019ils se d\u00e9gradent. Avoir chez soi un filtre Miniwell est aussi une s\u00e9curit\u00e9 sur son approvisionnement en eau potable.<\/p>\n<p>Le Miniwell L610 offre une solution simple et adapt\u00e9e pour s\u2019approvisionner en eau potable partout en toute s\u00e9curit\u00e9.<\/p>\n<p>Par ailleurs, la conception du Miniwell L610 en fait un mat\u00e9riel plus solide. Privil\u00e9gier la solidit\u00e9 pour ce genre de mat\u00e9riel est aussi un choix d\u00e9terminant.<\/p>\n<h4>Des filtres haut de gamme<\/h4>\n<p>Il existe quelques mod\u00e8les plus ou moins semblables au Miniwell L610 mais qui ne filtrent pas avec autant d\u2019efficacit\u00e9. Comparez le mat\u00e9riel et v\u00e9rifiez toujours la qualit\u00e9 de filtration. Vous verrez aussi que le prix n\u2019est pas toujours en ad\u00e9quation avec le r\u00e9sultat demand\u00e9 : filtrer une eau avec l\u2019assurance d\u2019obtenir une eau sans \u00e9l\u00e9ments pathog\u00e8nes. V\u00e9rifiez la certification , si elle existe !<\/p>\n<p>Par ailleurs, la conception du Miniwell L610 en fait un mat\u00e9riel plus solide. Privil\u00e9gier la solidit\u00e9 pour ce genre de mat\u00e9riel est aussi un choix d\u00e9terminant.<\/p>\n<h4>Certification<\/h4>\n<p>La certification a \u00e9t\u00e9 r\u00e9alis\u00e9e par la soci\u00e9t\u00e9 <a href=\"https:\/\/www.sgsgroup.fr\/fr-fr\/our-company\/about-sgs\/sgs-in-brief\" target=\"_blank\" rel=\"noreferrer noopener\">SGS<\/a> leader mondial de l\u2019inspection, de la v\u00e9rification, de l\u2019analyse et de la certification. Extrait du <a href=\"https:\/\/miniwell.fr\/wp-content\/uploads\/2019\/01\/L610-removal-rate-of-virus-2SGS.jpg\" target=\"_blank\" rel=\"noreferrer noopener\" aria-label=\"rapport ici (s\u2019ouvre dans un nouvel onglet)\">rapport ici<\/a>.<\/p>\n","protected":false},"excerpt":{"rendered":"<p>Se procurer une eau potable facilement En randonn\u00e9e, lors d\u2019un trek ou lors d\u2019un voyage, la question de l\u2019eau se pose toujours. Vais-je trouver une eau potable ? Une solution souvent utilis\u00e9e est la purification microbienne avec les comprim\u00e9s de d\u00e9sinfection. Certes, c\u2019est efficace pour tuer les bact\u00e9ries mais l\u2019eau est fortement chlor\u00e9e : ce&hellip; <a class=\"more-link\" href=\"https:\/\/eaukey.com\/index.php\/miniwell\/\">Poursuivre la lecture <span class=\"screen-reader-text\">Miniwell L610<\/span><\/a><\/p>\n","protected":false},"author":1,"featured_media":3259,"parent":0,"menu_order":0,"comment_status":"closed","ping_status":"closed","template":"","meta":{"_uag_custom_page_level_css":"","_exactmetrics_skip_tracking":false,"_exactmetrics_sitenote_active":false,"_exactmetrics_sitenote_note":"","_exactmetrics_sitenote_category":0,"footnotes":""},"class_list":["post-4079","page","type-page","status-publish","has-post-thumbnail","hentry","entry"],"yoast_head":"<!-- This site is optimized with the Yoast SEO plugin v23.5 - https:\/\/yoast.com\/wordpress\/plugins\/seo\/ -->\n<title>Miniwell L610 - Eaukey<\/title>\n<meta name=\"description\" content=\"Comment se procurer une eau potable facilement lors d&#039;une randonn\u00e9e, d\u2019un trek ou lors d\u2019un voyage \u00e0 l&#039;\u00e9tranger ? Il existe quelques syst\u00e8mes portables de filtration d\u2019eau mais leurs proc\u00e9d\u00e9s de purification ne sont pas assez efficaces ...\" \/>\n<meta name=\"robots\" content=\"index, follow, max-snippet:-1, max-image-preview:large, max-video-preview:-1\" \/>\n<link rel=\"canonical\" href=\"https:\/\/eaukey.com\/index.php\/miniwell\/\" \/>\n<meta property=\"og:locale\" content=\"fr_FR\" \/>\n<meta property=\"og:type\" content=\"article\" \/>\n<meta property=\"og:title\" content=\"Miniwell L610 - Eaukey\" \/>\n<meta property=\"og:description\" content=\"Comment se procurer une eau potable facilement lors d&#039;une randonn\u00e9e, d\u2019un trek ou lors d\u2019un voyage \u00e0 l&#039;\u00e9tranger ? Il existe quelques syst\u00e8mes portables de filtration d\u2019eau mais leurs proc\u00e9d\u00e9s de purification ne sont pas assez efficaces ...\" \/>\n<meta property=\"og:url\" content=\"https:\/\/eaukey.com\/index.php\/miniwell\/\" \/>\n<meta property=\"og:site_name\" content=\"Eaukey\" \/>\n<meta property=\"article:modified_time\" content=\"2023-08-15T14:41:12+00:00\" \/>\n<meta property=\"og:image\" content=\"https:\/\/eaukey.com\/wp-content\/uploads\/2018\/09\/L610_5.jpg\" \/>\n\t<meta property=\"og:image:width\" content=\"988\" \/>\n\t<meta property=\"og:image:height\" content=\"988\" \/>\n\t<meta property=\"og:image:type\" content=\"image\/jpeg\" \/>\n<meta name=\"twitter:card\" content=\"summary_large_image\" \/>\n<meta name=\"twitter:label1\" content=\"Dur\u00e9e de lecture estim\u00e9e\" \/>\n\t<meta name=\"twitter:data1\" content=\"5 minutes\" \/>\n<script type=\"application\/ld+json\" class=\"yoast-schema-graph\">{\"@context\":\"https:\/\/schema.org\",\"@graph\":[{\"@type\":\"WebPage\",\"@id\":\"https:\/\/eaukey.com\/index.php\/miniwell\/\",\"url\":\"https:\/\/eaukey.com\/index.php\/miniwell\/\",\"name\":\"Miniwell L610 - Eaukey\",\"isPartOf\":{\"@id\":\"https:\/\/eaukey.com\/#website\"},\"primaryImageOfPage\":{\"@id\":\"https:\/\/eaukey.com\/index.php\/miniwell\/#primaryimage\"},\"image\":{\"@id\":\"https:\/\/eaukey.com\/index.php\/miniwell\/#primaryimage\"},\"thumbnailUrl\":\"https:\/\/eaukey.com\/wp-content\/uploads\/2018\/09\/L610_5.jpg\",\"datePublished\":\"2019-06-20T20:17:18+00:00\",\"dateModified\":\"2023-08-15T14:41:12+00:00\",\"description\":\"Comment se procurer une eau potable facilement lors d'une randonn\u00e9e, d\u2019un trek ou lors d\u2019un voyage \u00e0 l'\u00e9tranger ? Il existe quelques syst\u00e8mes portables de filtration d\u2019eau mais leurs proc\u00e9d\u00e9s de purification ne sont pas assez efficaces ...\",\"breadcrumb\":{\"@id\":\"https:\/\/eaukey.com\/index.php\/miniwell\/#breadcrumb\"},\"inLanguage\":\"fr-FR\",\"potentialAction\":[{\"@type\":\"ReadAction\",\"target\":[\"https:\/\/eaukey.com\/index.php\/miniwell\/\"]}]},{\"@type\":\"ImageObject\",\"inLanguage\":\"fr-FR\",\"@id\":\"https:\/\/eaukey.com\/index.php\/miniwell\/#primaryimage\",\"url\":\"https:\/\/eaukey.com\/wp-content\/uploads\/2018\/09\/L610_5.jpg\",\"contentUrl\":\"https:\/\/eaukey.com\/wp-content\/uploads\/2018\/09\/L610_5.jpg\",\"width\":988,\"height\":988,\"caption\":\"Le filtre L610 s'utilise facilement partout en randonn\u00e9e ou lors d'un voyage pour purifier l'eau. Le filtre Miniwell L610 filtre \u00e0 0,01 micro. Ce niveau de filtration bloque le passage aux bact\u00e9ries et aux virus. Avec ce filtre vous obtenez une eau potable en toute s\u00e9curit\u00e9 et tr\u00e8s facilement.\"},{\"@type\":\"BreadcrumbList\",\"@id\":\"https:\/\/eaukey.com\/index.php\/miniwell\/#breadcrumb\",\"itemListElement\":[{\"@type\":\"ListItem\",\"position\":1,\"name\":\"Accueil\",\"item\":\"https:\/\/eaukey.com\/\"},{\"@type\":\"ListItem\",\"position\":2,\"name\":\"Miniwell L610\"}]},{\"@type\":\"WebSite\",\"@id\":\"https:\/\/eaukey.com\/#website\",\"url\":\"https:\/\/eaukey.com\/\",\"name\":\"Eaukey\",\"description\":\"Une eau pure d\u00e9licieusement bonne !\",\"publisher\":{\"@id\":\"https:\/\/eaukey.com\/#organization\"},\"potentialAction\":[{\"@type\":\"SearchAction\",\"target\":{\"@type\":\"EntryPoint\",\"urlTemplate\":\"https:\/\/eaukey.com\/?s={search_term_string}\"},\"query-input\":{\"@type\":\"PropertyValueSpecification\",\"valueRequired\":true,\"valueName\":\"search_term_string\"}}],\"inLanguage\":\"fr-FR\"},{\"@type\":\"Organization\",\"@id\":\"https:\/\/eaukey.com\/#organization\",\"name\":\"eaukey.com\",\"url\":\"https:\/\/eaukey.com\/\",\"logo\":{\"@type\":\"ImageObject\",\"inLanguage\":\"fr-FR\",\"@id\":\"https:\/\/eaukey.com\/#\/schema\/logo\/image\/\",\"url\":\"https:\/\/eaukey.com\/wp-content\/uploads\/2019\/06\/logo_eaukey.png\",\"contentUrl\":\"https:\/\/eaukey.com\/wp-content\/uploads\/2019\/06\/logo_eaukey.png\",\"width\":1100,\"height\":1170,\"caption\":\"eaukey.com\"},\"image\":{\"@id\":\"https:\/\/eaukey.com\/#\/schema\/logo\/image\/\"},\"sameAs\":[\"https:\/\/www.youtube.com\/channel\/UCM_plZ4IaJyJgBYIu05LJwg\"]}]}<\/script>\n<!-- \/ Yoast SEO plugin. -->","yoast_head_json":{"title":"Miniwell L610 - Eaukey","description":"Comment se procurer une eau potable facilement lors d'une randonn\u00e9e, d\u2019un trek ou lors d\u2019un voyage \u00e0 l'\u00e9tranger ? Il existe quelques syst\u00e8mes portables de filtration d\u2019eau mais leurs proc\u00e9d\u00e9s de purification ne sont pas assez efficaces ...","robots":{"index":"index","follow":"follow","max-snippet":"max-snippet:-1","max-image-preview":"max-image-preview:large","max-video-preview":"max-video-preview:-1"},"canonical":"https:\/\/eaukey.com\/index.php\/miniwell\/","og_locale":"fr_FR","og_type":"article","og_title":"Miniwell L610 - Eaukey","og_description":"Comment se procurer une eau potable facilement lors d'une randonn\u00e9e, d\u2019un trek ou lors d\u2019un voyage \u00e0 l'\u00e9tranger ? Il existe quelques syst\u00e8mes portables de filtration d\u2019eau mais leurs proc\u00e9d\u00e9s de purification ne sont pas assez efficaces ...","og_url":"https:\/\/eaukey.com\/index.php\/miniwell\/","og_site_name":"Eaukey","article_modified_time":"2023-08-15T14:41:12+00:00","og_image":[{"width":988,"height":988,"url":"https:\/\/eaukey.com\/wp-content\/uploads\/2018\/09\/L610_5.jpg","type":"image\/jpeg"}],"twitter_card":"summary_large_image","twitter_misc":{"Dur\u00e9e de lecture estim\u00e9e":"5 minutes"},"schema":{"@context":"https:\/\/schema.org","@graph":[{"@type":"WebPage","@id":"https:\/\/eaukey.com\/index.php\/miniwell\/","url":"https:\/\/eaukey.com\/index.php\/miniwell\/","name":"Miniwell L610 - Eaukey","isPartOf":{"@id":"https:\/\/eaukey.com\/#website"},"primaryImageOfPage":{"@id":"https:\/\/eaukey.com\/index.php\/miniwell\/#primaryimage"},"image":{"@id":"https:\/\/eaukey.com\/index.php\/miniwell\/#primaryimage"},"thumbnailUrl":"https:\/\/eaukey.com\/wp-content\/uploads\/2018\/09\/L610_5.jpg","datePublished":"2019-06-20T20:17:18+00:00","dateModified":"2023-08-15T14:41:12+00:00","description":"Comment se procurer une eau potable facilement lors d'une randonn\u00e9e, d\u2019un trek ou lors d\u2019un voyage \u00e0 l'\u00e9tranger ? Il existe quelques syst\u00e8mes portables de filtration d\u2019eau mais leurs proc\u00e9d\u00e9s de purification ne sont pas assez efficaces ...","breadcrumb":{"@id":"https:\/\/eaukey.com\/index.php\/miniwell\/#breadcrumb"},"inLanguage":"fr-FR","potentialAction":[{"@type":"ReadAction","target":["https:\/\/eaukey.com\/index.php\/miniwell\/"]}]},{"@type":"ImageObject","inLanguage":"fr-FR","@id":"https:\/\/eaukey.com\/index.php\/miniwell\/#primaryimage","url":"https:\/\/eaukey.com\/wp-content\/uploads\/2018\/09\/L610_5.jpg","contentUrl":"https:\/\/eaukey.com\/wp-content\/uploads\/2018\/09\/L610_5.jpg","width":988,"height":988,"caption":"Le filtre L610 s'utilise facilement partout en randonn\u00e9e ou lors d'un voyage pour purifier l'eau. Le filtre Miniwell L610 filtre \u00e0 0,01 micro. Ce niveau de filtration bloque le passage aux bact\u00e9ries et aux virus. Avec ce filtre vous obtenez une eau potable en toute s\u00e9curit\u00e9 et tr\u00e8s facilement."},{"@type":"BreadcrumbList","@id":"https:\/\/eaukey.com\/index.php\/miniwell\/#breadcrumb","itemListElement":[{"@type":"ListItem","position":1,"name":"Accueil","item":"https:\/\/eaukey.com\/"},{"@type":"ListItem","position":2,"name":"Miniwell L610"}]},{"@type":"WebSite","@id":"https:\/\/eaukey.com\/#website","url":"https:\/\/eaukey.com\/","name":"Eaukey","description":"Une eau pure d\u00e9licieusement bonne !","publisher":{"@id":"https:\/\/eaukey.com\/#organization"},"potentialAction":[{"@type":"SearchAction","target":{"@type":"EntryPoint","urlTemplate":"https:\/\/eaukey.com\/?s={search_term_string}"},"query-input":{"@type":"PropertyValueSpecification","valueRequired":true,"valueName":"search_term_string"}}],"inLanguage":"fr-FR"},{"@type":"Organization","@id":"https:\/\/eaukey.com\/#organization","name":"eaukey.com","url":"https:\/\/eaukey.com\/","logo":{"@type":"ImageObject","inLanguage":"fr-FR","@id":"https:\/\/eaukey.com\/#\/schema\/logo\/image\/","url":"https:\/\/eaukey.com\/wp-content\/uploads\/2019\/06\/logo_eaukey.png","contentUrl":"https:\/\/eaukey.com\/wp-content\/uploads\/2019\/06\/logo_eaukey.png","width":1100,"height":1170,"caption":"eaukey.com"},"image":{"@id":"https:\/\/eaukey.com\/#\/schema\/logo\/image\/"},"sameAs":["https:\/\/www.youtube.com\/channel\/UCM_plZ4IaJyJgBYIu05LJwg"]}]}},"uagb_featured_image_src":{"full":["https:\/\/eaukey.com\/wp-content\/uploads\/2018\/09\/L610_5.jpg",988,988,false],"thumbnail":["https:\/\/eaukey.com\/wp-content\/uploads\/2018\/09\/L610_5.jpg",150,150,false],"medium":["https:\/\/eaukey.com\/wp-content\/uploads\/2018\/09\/L610_5.jpg",300,300,false],"medium_large":["https:\/\/eaukey.com\/wp-content\/uploads\/2018\/09\/L610_5.jpg",750,750,false],"large":["https:\/\/eaukey.com\/wp-content\/uploads\/2018\/09\/L610_5.jpg",750,750,false],"1536x1536":["https:\/\/eaukey.com\/wp-content\/uploads\/2018\/09\/L610_5.jpg",988,988,false],"2048x2048":["https:\/\/eaukey.com\/wp-content\/uploads\/2018\/09\/L610_5.jpg",988,988,false],"portfolio-full":["https:\/\/eaukey.com\/wp-content\/uploads\/2018\/09\/L610_5.jpg",400,400,false],"portfolio-one":["https:\/\/eaukey.com\/wp-content\/uploads\/2018\/09\/L610_5.jpg",272,272,false],"portfolio-two":["https:\/\/eaukey.com\/wp-content\/uploads\/2018\/09\/L610_5.jpg",295,295,false],"portfolio-three":["https:\/\/eaukey.com\/wp-content\/uploads\/2018\/09\/L610_5.jpg",214,214,false],"portfolio-five":["https:\/\/eaukey.com\/wp-content\/uploads\/2018\/09\/L610_5.jpg",142,142,false],"post-thumbnail":["https:\/\/eaukey.com\/wp-content\/uploads\/2018\/09\/L610_5.jpg",988,988,false],"woocommerce_thumbnail":["https:\/\/eaukey.com\/wp-content\/uploads\/2018\/09\/L610_5-450x450.jpg",450,450,true],"woocommerce_single":["https:\/\/eaukey.com\/wp-content\/uploads\/2018\/09\/L610_5-600x600.jpg",600,600,true],"woocommerce_gallery_thumbnail":["https:\/\/eaukey.com\/wp-content\/uploads\/2018\/09\/L610_5-100x100.jpg",100,100,true]},"uagb_author_info":{"display_name":"eaukey.com","author_link":"https:\/\/eaukey.com\/index.php\/author\/didier\/"},"uagb_comment_info":0,"uagb_excerpt":"Se procurer une eau potable facilement En randonn\u00e9e, lors d\u2019un trek ou lors d\u2019un voyage, la question de l\u2019eau se pose toujours. Vais-je trouver une eau potable ? Une solution souvent utilis\u00e9e est la purification microbienne avec les comprim\u00e9s de d\u00e9sinfection. Certes, c\u2019est efficace pour tuer les bact\u00e9ries mais l\u2019eau est fortement chlor\u00e9e : ce&hellip;\u2026","_links":{"self":[{"href":"https:\/\/eaukey.com\/index.php\/wp-json\/wp\/v2\/pages\/4079"}],"collection":[{"href":"https:\/\/eaukey.com\/index.php\/wp-json\/wp\/v2\/pages"}],"about":[{"href":"https:\/\/eaukey.com\/index.php\/wp-json\/wp\/v2\/types\/page"}],"author":[{"embeddable":true,"href":"https:\/\/eaukey.com\/index.php\/wp-json\/wp\/v2\/users\/1"}],"replies":[{"embeddable":true,"href":"https:\/\/eaukey.com\/index.php\/wp-json\/wp\/v2\/comments?post=4079"}],"version-history":[{"count":4,"href":"https:\/\/eaukey.com\/index.php\/wp-json\/wp\/v2\/pages\/4079\/revisions"}],"predecessor-version":[{"id":9298,"href":"https:\/\/eaukey.com\/index.php\/wp-json\/wp\/v2\/pages\/4079\/revisions\/9298"}],"wp:featuredmedia":[{"embeddable":true,"href":"https:\/\/eaukey.com\/index.php\/wp-json\/wp\/v2\/media\/3259"}],"wp:attachment":[{"href":"https:\/\/eaukey.com\/index.php\/wp-json\/wp\/v2\/media?parent=4079"}],"curies":[{"name":"wp","href":"https:\/\/api.w.org\/{rel}","templated":true}]}}